{"id":1,"date":"2019-09-05T08:43:56","date_gmt":"2019-09-05T08:43:56","guid":{"rendered":"https:\/\/www.anderlweber.com\/?page_id=1"},"modified":"2026-01-19T15:01:50","modified_gmt":"2026-01-19T14:01:50","slug":"home","status":"publish","type":"page","link":"https:\/\/www.anderlweber.com\/en\/","title":{"rendered":"Home"},"content":{"rendered":"<p><img decoding=\"async\" src=\"\/wp-content\/uploads\/home_1_kunstfreunde_1_neu.webp\" alt=\"Anderl Weber\"><br \/>\n<img decoding=\"async\" src=\"\/wp-content\/uploads\/kunstfreunde__s3t2803_ka-f86994ab.webp\" alt=\"Kontakt\"><br \/>\n<img decoding=\"async\" src=\"\/wp-content\/uploads\/kunstfreunde__s3t2803_ka-f86994ab.webp\" alt=\"Kontakt\"><br \/>\n<img decoding=\"async\" src=\"\/wp-content\/uploads\/kunstfreunde_s3t3066.webp\" alt=\"\"><br \/>\n<img decoding=\"async\" src=\"\/wp-content\/uploads\/kunstfreunde__s3t3138_ka.webp\" alt=\"\"><br \/>\n<img decoding=\"async\" src=\"\/wp-content\/uploads\/kunstfreunde__s3t2969_ka.webp\" alt=\"\"><br \/>\n<img decoding=\"async\" src=\"\/wp-content\/uploads\/kunstfreunde__s3t3223_ka-1.webp\" alt=\"Kontakt\"><br \/>\n<img decoding=\"async\" src=\"\/wp-content\/uploads\/kunstfreunde__s3t3223_ka-1.webp\" alt=\"Kontakt\"><br \/>\n<a href=\"\/index.php?Itemid=130\"><img decoding=\"async\" src=\"\/wp-content\/uploads\/kunstfreunde_s3t3053-7d38d614.webp\" alt=\"Art Space\"><\/a><\/p>\n<p><p>\n        <a href=\"\/artspace\/\">Art Space<\/a>\n    <\/p>\n<\/p>\n<p><a href=\"\/index.php?Itemid=131\"><img decoding=\"async\" src=\"\/wp-content\/uploads\/home_schager_axel.webp\" alt=\"Sammlung\"><\/a><\/p>\n<p><p>\n        <a href=\"https:\/\/www.anderlweber.com\/sammlung\/\">Sammlung<\/a>\n    <\/p>\n<\/p>\n<p><a href=\"\/index.php?option=com_content&amp;view=article&amp;id=208&amp;catid=19\"><img decoding=\"async\" src=\"\/wp-content\/uploads\/kunstfreunde__s3t3211_ka2.webp\" alt=\"Kunstfreunde\"><\/a><\/p>\n<p><p>\n        <a href=\"\/artspace\/kunstfreunde\/\">Kunstfreunde<\/a>\n    <\/p>\n<\/p>\n<p><a href=\"\/index.php?option=com_content&amp;view=article&amp;id=208&amp;catid=19\"><img decoding=\"async\" src=\"\/wp-content\/uploads\/akp_s3t1969_ka.webp\" alt=\"Kunstfreunde\"><\/a><\/p>\n<p><p>\n        <a href=\"\/index.php?option=com_content&amp;view=article&amp;id=208&amp;catid=19\">Kunstfreunde<\/a>\n    <\/p>\n<\/p>\n<p><a href=\"\/index.php?option=com_content&amp;view=article&amp;id=194&amp;catid=19\"><img decoding=\"async\" src=\"\/wp-content\/uploads\/akp_s3t1969_ka.webp\" alt=\"Peter und der Wolf\"><\/a><\/p>\n<p><p>\n        <a href=\"\/artspace\/peter-und-der-wolf\/\">Peter und der Wolf<\/a>\n    <\/p>\n<\/p>\n<p><!--more--><br \/>\n<!-- {\"type\":\"layout\",\"children\":[{\"type\":\"section\",\"props\":{\"animation\":\"fade\",\"header_transparent_noplaceholder\":false,\"id\":\"startbild\",\"image_position\":\"center-center\",\"padding_remove_top\":false,\"style\":\"default\",\"title_breakpoint\":\"xl\",\"title_position\":\"top-left\",\"title_rotation\":\"left\",\"vertical_align\":\"middle\",\"width\":\"default\"},\"children\":[{\"type\":\"row\",\"props\":{\"column_gap\":\"large\",\"match\":false},\"children\":[{\"type\":\"column\",\"props\":{\"image_position\":\"center-center\",\"position_sticky_breakpoint\":\"m\",\"vertical_align\":\"bottom\"},\"children\":[{\"type\":\"image\",\"props\":{\"image\":\"wp-content\/uploads\/home_1_kunstfreunde_1_neu.webp\",\"image_alt\":\"Anderl Weber\",\"image_svg_color\":\"emphasis\",\"margin\":\"default\",\"margin_bottom\":\"default\",\"margin_top\":\"default\",\"text_align\":\"center\"}}]}]}],\"name\":\"Featured Company\"},{\"type\":\"section\",\"props\":{\"class\":\"uk-visible@m\",\"image_position\":\"center-center\",\"style\":\"default\",\"title_breakpoint\":\"xl\",\"title_position\":\"top-left\",\"title_rotation\":\"left\",\"vertical_align\":\"middle\",\"width\":\"default\"},\"children\":[{\"type\":\"row\",\"props\":{\"layout\":\"1-4,1-2,1-4\"},\"children\":[{\"type\":\"column\",\"props\":{\"image_position\":\"center-center\",\"position_sticky_breakpoint\":\"m\",\"width_medium\":\"1-4\"}},{\"type\":\"column\",\"props\":{\"image_position\":\"center-center\",\"position_sticky_breakpoint\":\"m\",\"width_medium\":\"1-2\"},\"children\":[{\"type\":\"image\",\"props\":{\"image\":\"wp-content\/uploads\/kunstfreunde__s3t2803_ka-f86994ab.webp\",\"image_alt\":\"Kontakt\",\"image_height\":\"1200\",\"image_svg_color\":\"emphasis\",\"image_width\":\"800\",\"margin\":\"default\",\"margin_bottom\":\"default\",\"margin_top\":\"default\"}}]},{\"type\":\"column\",\"props\":{\"image_position\":\"center-center\",\"position_sticky_breakpoint\":\"m\",\"width_medium\":\"1-4\"}}]}],\"name\":\"img-desktop\"},{\"type\":\"section\",\"props\":{\"class\":\"uk-hidden@m\",\"image_position\":\"center-center\",\"style\":\"default\",\"title_breakpoint\":\"xl\",\"title_position\":\"top-left\",\"title_rotation\":\"left\",\"vertical_align\":\"middle\",\"width\":\"default\"},\"children\":[{\"type\":\"row\",\"children\":[{\"type\":\"column\",\"props\":{\"image_position\":\"center-center\",\"position_sticky_breakpoint\":\"m\"},\"children\":[{\"type\":\"image\",\"props\":{\"image\":\"wp-content\/uploads\/kunstfreunde__s3t2803_ka-f86994ab.webp\",\"image_alt\":\"Kontakt\",\"image_height\":\"1200\",\"image_svg_color\":\"emphasis\",\"image_width\":\"800\",\"margin\":\"default\",\"margin_bottom\":\"default\",\"margin_top\":\"default\"}}]}]}],\"name\":\"img-mobile\"},{\"type\":\"section\",\"props\":{\"image_position\":\"center-center\",\"style\":\"default\",\"title_breakpoint\":\"xl\",\"title_position\":\"top-left\",\"title_rotation\":\"left\",\"vertical_align\":\"middle\",\"width\":\"default\"},\"children\":[{\"type\":\"row\",\"children\":[{\"type\":\"column\",\"props\":{\"image_position\":\"center-center\",\"position_sticky_breakpoint\":\"m\"},\"children\":[{\"type\":\"image\",\"props\":{\"animation\":\"none\",\"image\":\"wp-content\/uploads\/kunstfreunde_s3t3066.webp\",\"image_svg_color\":\"emphasis\",\"margin\":\"default\",\"margin_bottom\":\"default\",\"margin_top\":\"default\",\"parallax_y_start\":\"-200\",\"text_align\":\"center\"}}]}]}]},{\"type\":\"section\",\"props\":{\"image_position\":\"center-center\",\"style\":\"default\",\"title_breakpoint\":\"xl\",\"title_position\":\"top-left\",\"title_rotation\":\"left\",\"vertical_align\":\"middle\",\"width\":\"default\"},\"children\":[{\"type\":\"row\",\"props\":{\"layout\":\"1-2,1-2\"},\"children\":[{\"type\":\"column\",\"props\":{\"image_position\":\"center-center\",\"position_sticky_breakpoint\":\"m\",\"width_medium\":\"1-2\"},\"children\":[{\"type\":\"image\",\"props\":{\"animation\":\"none\",\"image\":\"wp-content\/uploads\/kunstfreunde__s3t3138_ka.webp\",\"image_svg_color\":\"emphasis\",\"image_width\":\"800\",\"margin\":\"default\",\"margin_bottom\":\"default\",\"margin_top\":\"default\",\"parallax_y_end\":\"0\",\"parallax_y_start\":\"0\"}}]},{\"type\":\"column\",\"props\":{\"image_position\":\"center-center\",\"position_sticky_breakpoint\":\"m\",\"width_medium\":\"1-2\"},\"children\":[{\"type\":\"image\",\"props\":{\"class\":\"mobile-top\",\"image\":\"wp-content\/uploads\/kunstfreunde__s3t2969_ka.webp\",\"image_svg_color\":\"emphasis\",\"margin\":\"default\",\"margin_bottom\":\"default\",\"margin_top\":\"default\"}}]}]}]},{\"type\":\"section\",\"props\":{\"class\":\"uk-visible@m\",\"image_position\":\"center-center\",\"style\":\"default\",\"title_breakpoint\":\"xl\",\"title_position\":\"top-left\",\"title_rotation\":\"left\",\"vertical_align\":\"middle\",\"width\":\"default\"},\"children\":[{\"type\":\"row\",\"props\":{\"layout\":\"1-4,1-2,1-4\"},\"children\":[{\"type\":\"column\",\"props\":{\"image_position\":\"center-center\",\"position_sticky_breakpoint\":\"m\",\"width_medium\":\"1-4\"}},{\"type\":\"column\",\"props\":{\"image_position\":\"center-center\",\"position_sticky_breakpoint\":\"m\",\"width_medium\":\"1-2\"},\"children\":[{\"type\":\"image\",\"props\":{\"image\":\"wp-content\/uploads\/kunstfreunde__s3t3223_ka-1.webp\",\"image_alt\":\"Kontakt\",\"image_height\":\"1200\",\"image_svg_color\":\"emphasis\",\"image_width\":\"800\",\"margin\":\"default\",\"margin_bottom\":\"default\",\"margin_top\":\"default\"}}]},{\"type\":\"column\",\"props\":{\"image_position\":\"center-center\",\"position_sticky_breakpoint\":\"m\",\"width_medium\":\"1-4\"}}]}],\"name\":\"img2-desktop\"},{\"type\":\"section\",\"props\":{\"class\":\"uk-hidden@m\",\"image_position\":\"center-center\",\"style\":\"default\",\"title_breakpoint\":\"xl\",\"title_position\":\"top-left\",\"title_rotation\":\"left\",\"vertical_align\":\"middle\",\"width\":\"default\"},\"children\":[{\"type\":\"row\",\"children\":[{\"type\":\"column\",\"props\":{\"image_position\":\"center-center\",\"position_sticky_breakpoint\":\"m\"},\"children\":[{\"type\":\"image\",\"props\":{\"image\":\"wp-content\/uploads\/kunstfreunde__s3t3223_ka-1.webp\",\"image_alt\":\"Kontakt\",\"image_height\":\"1200\",\"image_svg_color\":\"emphasis\",\"image_width\":\"800\",\"margin\":\"default\",\"margin_bottom\":\"default\",\"margin_top\":\"default\"}}]}]}],\"name\":\"img2-mobile\"},{\"type\":\"section\",\"props\":{\"image_position\":\"center-center\",\"style\":\"default\",\"title_breakpoint\":\"xl\",\"title_position\":\"top-left\",\"title_rotation\":\"left\",\"vertical_align\":\"middle\",\"width\":\"default\"},\"children\":[{\"type\":\"row\",\"children\":[{\"type\":\"column\",\"props\":{\"image_position\":\"center-center\",\"position_sticky_breakpoint\":\"m\"},\"children\":[{\"type\":\"image\",\"props\":{\"animation\":\"none\",\"image\":\"wp-content\/uploads\/kunstfreunde_s3t3053-7d38d614.webp\",\"image_alt\":\"Art Space\",\"image_svg_color\":\"emphasis\",\"link\":\"index.php?Itemid=130\",\"margin\":\"default\",\"margin_bottom\":\"default\",\"margin_top\":\"default\",\"parallax_y_start\":\"-200\",\"text_align\":\"center\"}},{\"type\":\"button\",\"props\":{\"animation\":\"none\",\"grid_column_gap\":\"small\",\"grid_row_gap\":\"small\",\"margin\":\"default\",\"margin_bottom\":\"default\",\"margin_top\":\"default\",\"parallax_y_start\":\"-150\"},\"children\":[{\"type\":\"button_item\",\"props\":{\"button_style\":\"\",\"content\":\"Art Space\",\"dialog_layout\":\"modal\",\"dialog_offcanvas_flip\":true,\"icon\":\"chevron-right\",\"icon_align\":\"right\",\"link\":\"\/artspace\/\",\"link_en_us\":\"\/en\/artspace\/\"}}],\"modified\":\"2021-02-26T12:39:49.639Z\",\"name\":\"buttonlink\"}]}]}]},{\"type\":\"section\",\"props\":{\"class\":\"link-top\",\"image_position\":\"center-center\",\"style\":\"default\",\"title_breakpoint\":\"xl\",\"title_position\":\"top-left\",\"title_rotation\":\"left\",\"vertical_align\":\"middle\",\"width\":\"default\"},\"children\":[{\"type\":\"row\",\"children\":[{\"type\":\"column\",\"props\":{\"image_position\":\"center-center\",\"position_sticky_breakpoint\":\"m\"},\"children\":[{\"type\":\"image\",\"props\":{\"animation\":\"none\",\"image\":\"wp-content\/uploads\/home_schager_axel.webp\",\"image_alt\":\"Sammlung\",\"image_svg_color\":\"emphasis\",\"link\":\"index.php?Itemid=131\",\"margin\":\"default\",\"margin_bottom\":\"default\",\"margin_top\":\"default\",\"parallax_y_start\":\"-150\"}},{\"type\":\"button\",\"props\":{\"animation\":\"none\",\"grid_column_gap\":\"small\",\"grid_row_gap\":\"small\",\"margin\":\"default\",\"margin_bottom\":\"default\",\"margin_top\":\"default\",\"parallax_y_start\":\"-120\"},\"children\":[{\"type\":\"button_item\",\"props\":{\"button_style\":\"\",\"content\":\"Sammlung\",\"content_en_us\":\"Collection\",\"dialog_layout\":\"modal\",\"dialog_offcanvas_flip\":true,\"icon\":\"chevron-right\",\"icon_align\":\"right\",\"link\":\"https:\/\/www.anderlweber.com\/sammlung\/\",\"link_en_us\":\"https:\/\/www.anderlweber.com\/en\/collection\/\",\"link_title\":\"Sammlung\"}}],\"modified\":\"2021-02-26T12:39:49.639Z\",\"name\":\"buttonlink\"}]}]}]},{\"type\":\"section\",\"props\":{\"class\":\"link-top uk-visible@m\",\"image_position\":\"center-center\",\"style\":\"default\",\"title_breakpoint\":\"xl\",\"title_position\":\"top-left\",\"title_rotation\":\"left\",\"vertical_align\":\"middle\",\"width\":\"default\"},\"children\":[{\"type\":\"row\",\"props\":{\"layout\":\"1-4,1-2,1-4\"},\"children\":[{\"type\":\"column\",\"props\":{\"image_position\":\"center-center\",\"position_sticky_breakpoint\":\"m\",\"width_medium\":\"1-4\"}},{\"type\":\"column\",\"props\":{\"image_position\":\"center-center\",\"position_sticky_breakpoint\":\"m\",\"width_medium\":\"1-2\"},\"children\":[{\"type\":\"image\",\"props\":{\"image\":\"wp-content\/uploads\/kunstfreunde__s3t3211_ka2.webp\",\"image_alt\":\"Kunstfreunde\",\"image_height\":\"1200\",\"image_svg_color\":\"emphasis\",\"image_width\":\"800\",\"link\":\"index.php?option=com_content&view=article&id=208&catid=19\",\"margin\":\"default\",\"margin_bottom\":\"default\",\"margin_top\":\"default\"}},{\"type\":\"button\",\"props\":{\"animation\":\"none\",\"grid_column_gap\":\"small\",\"grid_row_gap\":\"small\",\"margin\":\"default\",\"margin_bottom\":\"default\",\"margin_top\":\"default\"},\"children\":[{\"type\":\"button_item\",\"props\":{\"button_style\":\"\",\"content\":\"Kunstfreunde\",\"content_en_us\":\"Art Lovers\",\"dialog_layout\":\"modal\",\"dialog_offcanvas_flip\":true,\"icon\":\"chevron-right\",\"icon_align\":\"right\",\"link\":\"artspace\/kunstfreunde\/\",\"link_en_us\":\"https:\/\/www.anderlweber.com\/en\/artspace\/art-lovers\/\"}}],\"modified\":\"2021-02-26T12:39:49.639Z\",\"name\":\"buttonlink\"}]},{\"type\":\"column\",\"props\":{\"image_position\":\"center-center\",\"position_sticky_breakpoint\":\"m\",\"width_medium\":\"1-4\"}}]}]},{\"type\":\"section\",\"props\":{\"class\":\"link-top uk-hidden@m\",\"image_position\":\"center-center\",\"style\":\"default\",\"title_breakpoint\":\"xl\",\"title_position\":\"top-left\",\"title_rotation\":\"left\",\"vertical_align\":\"middle\",\"width\":\"default\"},\"children\":[{\"type\":\"row\",\"children\":[{\"type\":\"column\",\"props\":{\"image_position\":\"center-center\",\"position_sticky_breakpoint\":\"m\"},\"children\":[{\"type\":\"image\",\"props\":{\"image\":\"wp-content\/uploads\/akp_s3t1969_ka.webp\",\"image_alt\":\"Kunstfreunde\",\"image_height\":\"1200\",\"image_svg_color\":\"emphasis\",\"image_width\":\"800\",\"link\":\"index.php?option=com_content&view=article&id=208&catid=19\",\"margin\":\"default\",\"margin_bottom\":\"default\",\"margin_top\":\"default\"}},{\"type\":\"button\",\"props\":{\"animation\":\"none\",\"grid_column_gap\":\"small\",\"grid_row_gap\":\"small\",\"margin\":\"default\",\"margin_bottom\":\"default\",\"margin_top\":\"default\"},\"children\":[{\"type\":\"button_item\",\"props\":{\"button_style\":\"\",\"content\":\"Kunstfreunde\",\"dialog_layout\":\"modal\",\"dialog_offcanvas_flip\":true,\"icon\":\"chevron-right\",\"icon_align\":\"right\",\"link\":\"index.php?option=com_content&view=article&id=208&catid=19\"}}],\"modified\":\"2021-02-26T12:39:49.639Z\",\"name\":\"buttonlink\"}]}]}]},{\"type\":\"section\",\"props\":{\"class\":\"link-top\",\"image_position\":\"center-center\",\"style\":\"default\",\"title_breakpoint\":\"xl\",\"title_position\":\"top-left\",\"title_rotation\":\"left\",\"vertical_align\":\"middle\",\"width\":\"default\"},\"children\":[{\"type\":\"row\",\"children\":[{\"type\":\"column\",\"props\":{\"image_position\":\"center-center\",\"position_sticky_breakpoint\":\"m\"},\"children\":[{\"type\":\"image\",\"props\":{\"animation\":\"none\",\"image\":\"wp-content\/uploads\/akp_s3t1969_ka.webp\",\"image_alt\":\"Peter und der Wolf\",\"image_svg_color\":\"emphasis\",\"link\":\"index.php?option=com_content&view=article&id=194&catid=19\",\"margin\":\"default\",\"margin_bottom\":\"default\",\"margin_top\":\"default\",\"parallax_y_start\":\"-150\"}},{\"type\":\"button\",\"props\":{\"animation\":\"none\",\"grid_column_gap\":\"small\",\"grid_row_gap\":\"small\",\"margin\":\"default\",\"margin_bottom\":\"default\",\"margin_top\":\"default\",\"parallax_y_start\":\"-120\"},\"children\":[{\"type\":\"button_item\",\"props\":{\"button_style\":\"\",\"content\":\"Peter und der Wolf\",\"content_en_us\":\"Peter and the Wolf\",\"dialog_layout\":\"modal\",\"dialog_offcanvas_flip\":true,\"icon\":\"chevron-right\",\"icon_align\":\"right\",\"link\":\"artspace\/peter-und-der-wolf\/\",\"link_en_us\":\"https:\/\/www.anderlweber.com\/en\/artspace\/peter-und-der-wolf\/\",\"link_title\":\"Sammlung\"}}],\"modified\":\"2021-02-26T12:39:49.639Z\",\"name\":\"buttonlink\"}]}]}]}],\"version\":\"5.0.4\"} --><\/p>\n","protected":false},"excerpt":{"rendered":"<p>Art Space Sammlung Kunstfreunde Kunstfreunde Peter und der Wolf<\/p>\n","protected":false},"author":1,"featured_media":0,"parent":0,"menu_order":4,"comment_status":"closed","ping_status":"closed","template":"","meta":{"_acf_changed":false,"_seopress_robots_primary_cat":"","_seopress_titles_title":"Anderl Weber Art World","_seopress_titles_desc":"Kunst ist f\u00fcr uns untrennbar mit der K\u00fcnstlerpers\u00f6nlichkeit verkn\u00fcpft. Wir wollen den K\u00fcnstler und seine Motivation kennen- und begreifen lernen. Als Mensch, als K\u00fcnstler, als Sch\u00f6pfer. Und so sein Werk besser, tiefer verstehen.","_seopress_robots_index":"","footnotes":""},"class_list":["post-1","page","type-page","status-publish","hentry"],"acf":[],"_links":{"self":[{"href":"https:\/\/www.anderlweber.com\/en\/wp-json\/wp\/v2\/pages\/1","targetHints":{"allow":["GET"]}}],"collection":[{"href":"https:\/\/www.anderlweber.com\/en\/wp-json\/wp\/v2\/pages"}],"about":[{"href":"https:\/\/www.anderlweber.com\/en\/wp-json\/wp\/v2\/types\/page"}],"author":[{"embeddable":true,"href":"https:\/\/www.anderlweber.com\/en\/wp-json\/wp\/v2\/users\/1"}],"replies":[{"embeddable":true,"href":"https:\/\/www.anderlweber.com\/en\/wp-json\/wp\/v2\/comments?post=1"}],"version-history":[{"count":5,"href":"https:\/\/www.anderlweber.com\/en\/wp-json\/wp\/v2\/pages\/1\/revisions"}],"predecessor-version":[{"id":3085,"href":"https:\/\/www.anderlweber.com\/en\/wp-json\/wp\/v2\/pages\/1\/revisions\/3085"}],"wp:attachment":[{"href":"https:\/\/www.anderlweber.com\/en\/wp-json\/wp\/v2\/media?parent=1"}],"curies":[{"name":"wp","href":"https:\/\/api.w.org\/{rel}","templated":true}]}}