{"id":3011,"date":"2026-01-17T08:36:01","date_gmt":"2026-01-17T07:36:01","guid":{"rendered":"https:\/\/www.anderlweber.com\/?page_id=3011"},"modified":"2026-01-21T14:20:53","modified_gmt":"2026-01-21T13:20:53","slug":"leihgaben","status":"publish","type":"page","link":"https:\/\/www.anderlweber.com\/en\/loans\/","title":{"rendered":"Loans"},"content":{"rendered":"<h1>Leihgaben<\/h1>\n<div>Ziel des Art Space ist es, Kunst sichtbar zu machen. Diese Idee unterst\u00fctzen wir auch, indem wir Museen leihweise Exponate aus unserer Sammlung f\u00fcr einen bestimmten Zeitraum zur Verf\u00fcgung stellen. <\/p>\n<p>Bereits &#8220;on tour&#8221; waren:<\/p><\/div>\n<p><img decoding=\"async\" src=\"\/anderlweber\/wp-content\/uploads\/brandl-au_150dpi_s3t1638-02e54144-9c08267b.webp\" alt=\"\"><\/p>\n<div>\n<p><a href=\"https:\/\/www.anderlweber.com\/sammlung\/herbert-brandl\/\" title=\"Herbert Brandl\" data-wplink-url-error=\"true\" data-wplink-edit=\"true\">Herbert Brandl<\/a>, Ohne Titel, 2003 <br \/>Ausstellung: &#8220;Herbert Brandl. Exposed to Painting. <br \/>Die letzten zwanzig Jahre.&#8221; <br \/>(31.01.2020 bis 26.10.2020) <br \/>Belvedere 21, Wien<\/p>\n<\/div>\n<p><img decoding=\"async\" src=\"\/anderlweber\/wp-content\/uploads\/kunstfreunde__s3t2823_ka-853498b8.webp\" alt=\"\"><\/p>\n<div>\n<p><a href=\"https:\/\/www.anderlweber.com\/sammlung\/herbert-brandl\/\" title=\"Herbert Brandl\" data-wplink-url-error=\"true\">Herbert Brandl<\/a>, Ohne Titel, 2017<br \/>Ausstellung: &#8220;Herbert Brandl &#8211; MORGEN&#8221; <br \/>(23.10.2020 bis 07.03.2021)<br \/>Kunsthaus Graz<\/p>\n<\/div>\n<p><img decoding=\"async\" src=\"\/anderlweber\/wp-content\/uploads\/kunstfreunde__s3t2826_ka-5691844a.webp\" alt=\"\"><\/p>\n<div>\n<p><a href=\"https:\/\/www.anderlweber.com\/sammlung\/herbert-brandl\/\" title=\"Herbert Brandl\" data-wplink-url-error=\"true\">Herbert Brandl<\/a>, Selbstbildnis, 2017<br \/>Ausstellung: &#8220;Herbert Brandl &#8211; MORGEN&#8221; <br \/>(23.10.2020 bis 07.03.2021)<br \/>Kunsthaus Graz<\/p>\n<\/div>\n<p><img decoding=\"async\" src=\"\/anderlweber\/wp-content\/uploads\/ftmqxpk4-a5f2d613.webp\" alt=\"\"><\/p>\n<div>\n<p><a href=\"https:\/\/www.anderlweber.com\/sammlung\/denesh-ghyczy\/\" title=\"D\u00e9nesh Ghyczy\" data-wplink-url-error=\"true\">D\u00e9nesh Ghyczy<\/a>, Behind the Scenes, 2022<br \/>Ausstellung: &#8220;D\u00e9nesh Ghyczy &#8211; Ego Paradise&#8221;<br \/>(01.09.2024 bis 15.12.2024)<br \/>Museum Angerlehner<\/p>\n<\/div>\n<p><!--more--><br \/>\n<!-- {\"type\":\"layout\",\"children\":[{\"type\":\"section\",\"props\":{\"image_position\":\"center-center\",\"padding_remove_bottom\":true,\"style\":\"default\",\"title_breakpoint\":\"xl\",\"title_position\":\"top-left\",\"title_rotation\":\"left\",\"vertical_align\":\"middle\",\"width\":\"default\"},\"children\":[{\"type\":\"row\",\"props\":{\"layout\":\"1-4,1-2,1-4\"},\"children\":[{\"type\":\"column\",\"props\":{\"image_position\":\"center-center\",\"position_sticky_breakpoint\":\"m\",\"width_medium\":\"1-4\"}},{\"type\":\"column\",\"props\":{\"image_position\":\"center-center\",\"position_sticky_breakpoint\":\"m\",\"width_medium\":\"1-2\"},\"children\":[{\"type\":\"headline\",\"props\":{\"content\":\"Leihgaben\",\"content_en_us\":\"Loans\",\"image_align\":\"left\",\"image_margin\":\"xsmall\",\"title_element\":\"h1\"}}]},{\"type\":\"column\",\"props\":{\"image_position\":\"center-center\",\"position_sticky_breakpoint\":\"m\",\"width_medium\":\"1-4\"}}]}]},{\"type\":\"section\",\"props\":{\"image_position\":\"center-center\",\"padding_remove_bottom\":true,\"padding_top\":\"none\",\"style\":\"default\",\"title_breakpoint\":\"xl\",\"title_position\":\"top-left\",\"title_rotation\":\"left\",\"vertical_align\":\"middle\",\"width\":\"default\"},\"children\":[{\"type\":\"row\",\"props\":{\"layout\":\"1-4,3-4\"},\"children\":[{\"type\":\"column\",\"props\":{\"image_position\":\"center-center\",\"position_sticky_breakpoint\":\"m\",\"width_medium\":\"1-4\"}},{\"type\":\"column\",\"props\":{\"image_position\":\"center-center\",\"position_sticky_breakpoint\":\"m\",\"width_medium\":\"3-4\"},\"children\":[{\"type\":\"text\",\"props\":{\"column_breakpoint\":\"m\",\"content\":\"Ziel des Art Space ist es, Kunst sichtbar zu machen. Diese Idee unterst\u00fctzen wir auch, indem wir Museen leihweise Exponate aus unserer Sammlung f\u00fcr einen bestimmten Zeitraum zur Verf\u00fcgung stellen. \\n\\nBereits \\\"on tour\\\" waren:\",\"content_en_us\":\"\n\n<p><span>The aim of our Art Space is to make art visible. We support this idea by making works of our collection available to museums for exhibitions. Already \\\"on tour\\\" were:<\/span><\/p>\n\n\",\"margin\":\"default\",\"margin_bottom\":\"default\",\"margin_top\":\"default\",\"text_size\":\"small\"}}]}]},{\"type\":\"row\",\"props\":{\"layout\":\"1-4,3-4\"},\"children\":[{\"type\":\"column\",\"props\":{\"image_position\":\"center-center\",\"position_sticky_breakpoint\":\"m\",\"width_medium\":\"1-4\"}},{\"type\":\"column\",\"props\":{\"image_position\":\"center-center\",\"position_sticky_breakpoint\":\"m\",\"width_medium\":\"3-4\"},\"children\":[{\"type\":\"image\",\"props\":{\"image\":\"wp-content\/uploads\/brandl-au_150dpi_s3t1638-02e54144-9c08267b.webp\",\"image_svg_color\":\"emphasis\",\"margin\":\"default\",\"margin_bottom\":\"default\",\"margin_top\":\"default\"}},{\"type\":\"text\",\"props\":{\"column_breakpoint\":\"m\",\"content\":\"\n\n<p><a href=\\\"https:\/\/www.anderlweber.com\/sammlung\/herbert-brandl\/\\\" title=\\\"Herbert Brandl\\\" data-wplink-url-error=\\\"true\\\" data-wplink-edit=\\\"true\\\">Herbert Brandl<\/a>, Ohne Titel, 2003 <br \/>Ausstellung: \\\"Herbert Brandl. Exposed to Painting. <br \/>Die letzten zwanzig Jahre.\\\" <br \/>(31.01.2020 bis 26.10.2020) <br \/>Belvedere 21, Wien<\/p>\n\n\",\"content_en_us\":\"\n\n<p><span><a href=\\\"https:\/\/www.anderlweber.com\/en\/sammlung\/herbert-brandl\/\\\" title=\\\"Herbert Brandl\\\">Herbert Brandl<\/a>, Ohne Titel, 2003<\/span><br \/><span>Exhibition: \\\"Herbert Brandl. Exposed to Painting.<\/span><br \/><span>Die letzten zwanzig Jahre.\\\"<\/span><br \/><span>(31.01.2020\u00a0until 26.10.2020)<\/span><br \/><span>Belvedere 21, Wien<\/span><\/p>\n\n\",\"margin\":\"default\",\"margin_bottom\":\"default\",\"margin_top\":\"default\",\"text_style\":\"meta\"}}]}]},{\"type\":\"row\",\"props\":{\"layout\":\"1-4,3-4\",\"row_gap\":\"large\"},\"children\":[{\"type\":\"column\",\"props\":{\"image_position\":\"center-center\",\"position_sticky_breakpoint\":\"m\",\"width_medium\":\"1-4\"}},{\"type\":\"column\",\"props\":{\"image_position\":\"center-center\",\"position_sticky_breakpoint\":\"m\",\"width_medium\":\"3-4\"},\"children\":[{\"type\":\"image\",\"props\":{\"image\":\"wp-content\/uploads\/kunstfreunde__s3t2823_ka-853498b8.webp\",\"image_svg_color\":\"emphasis\",\"margin\":\"default\",\"margin_bottom\":\"default\",\"margin_top\":\"default\"}},{\"type\":\"text\",\"props\":{\"column_breakpoint\":\"m\",\"content\":\"\n\n<p><a href=\\\"https:\/\/www.anderlweber.com\/sammlung\/herbert-brandl\/\\\" title=\\\"Herbert Brandl\\\" data-wplink-url-error=\\\"true\\\">Herbert Brandl<\/a>, Ohne Titel, 2017<br \/>Ausstellung: \\\"Herbert Brandl - MORGEN\\\" <br \/>(23.10.2020 bis 07.03.2021)<br \/>Kunsthaus Graz<\/p>\n\n\",\"content_en_us\":\"\n\n<p><a href=\\\"https:\/\/www.anderlweber.com\/en\/sammlung\/herbert-brandl\/\\\" title=\\\"Herbert Brandl\\\" data-wplink-url-error=\\\"true\\\">Herbert Brandl<\/a>, Ohne Titel, 2017<br \/>Ausstellung: \\\"Herbert Brandl - MORGEN\\\" <br \/>(23.10.2020 bis 07.03.2021)<br \/>Kunsthaus Graz<\/p>\n\n\",\"margin\":\"default\",\"margin_bottom\":\"default\",\"margin_top\":\"default\",\"text_style\":\"meta\"}}]}]},{\"type\":\"row\",\"props\":{\"layout\":\"1-4,3-4\",\"row_gap\":\"large\"},\"children\":[{\"type\":\"column\",\"props\":{\"image_position\":\"center-center\",\"position_sticky_breakpoint\":\"m\",\"width_medium\":\"1-4\"}},{\"type\":\"column\",\"props\":{\"image_position\":\"center-center\",\"position_sticky_breakpoint\":\"m\",\"width_medium\":\"3-4\"},\"children\":[{\"type\":\"image\",\"props\":{\"image\":\"wp-content\/uploads\/kunstfreunde__s3t2826_ka-5691844a.webp\",\"image_svg_color\":\"emphasis\",\"margin\":\"default\",\"margin_bottom\":\"default\",\"margin_top\":\"default\"}},{\"type\":\"text\",\"props\":{\"column_breakpoint\":\"m\",\"content\":\"\n\n<p><a href=\\\"https:\/\/www.anderlweber.com\/sammlung\/herbert-brandl\/\\\" title=\\\"Herbert Brandl\\\" data-wplink-url-error=\\\"true\\\">Herbert Brandl<\/a>, Selbstbildnis, 2017<br \/>Ausstellung: \\\"Herbert Brandl - MORGEN\\\" <br \/>(23.10.2020 bis 07.03.2021)<br \/>Kunsthaus Graz<\/p>\n\n\",\"content_en_us\":\"\n\n<p><a href=\\\"https:\/\/www.anderlweber.com\/en\/sammlung\/herbert-brandl\/\\\" title=\\\"Herbert Brandl\\\" data-wplink-url-error=\\\"true\\\">Herbert Brandl<\/a>, Selbstbildnis, 2017<br \/>Ausstellung: \\\"Herbert Brandl - MORGEN\\\" <br \/>(23.10.2020 bis 07.03.2021)<br \/>Kunsthaus Graz<\/p>\n\n\",\"margin\":\"default\",\"margin_bottom\":\"default\",\"margin_top\":\"default\",\"text_style\":\"meta\"}}]}]},{\"type\":\"row\",\"props\":{\"layout\":\"1-4,3-4\",\"row_gap\":\"large\"},\"children\":[{\"type\":\"column\",\"props\":{\"image_position\":\"center-center\",\"position_sticky_breakpoint\":\"m\",\"width_medium\":\"1-4\"}},{\"type\":\"column\",\"props\":{\"image_position\":\"center-center\",\"position_sticky_breakpoint\":\"m\",\"width_medium\":\"3-4\"},\"children\":[{\"type\":\"image\",\"props\":{\"image\":\"wp-content\/uploads\/ftmqxpk4-a5f2d613.webp\",\"image_svg_color\":\"emphasis\",\"margin\":\"default\",\"margin_bottom\":\"default\",\"margin_top\":\"default\"}},{\"type\":\"text\",\"props\":{\"column_breakpoint\":\"m\",\"content\":\"\n\n<p><a href=\\\"https:\/\/www.anderlweber.com\/sammlung\/denesh-ghyczy\/\\\" title=\\\"D\u00e9nesh Ghyczy\\\" data-wplink-url-error=\\\"true\\\">D\u00e9nesh Ghyczy<\/a>, Behind the Scenes, 2022<br \/>Ausstellung: \\\"D\u00e9nesh Ghyczy - Ego Paradise\\\"<br \/>(01.09.2024 bis 15.12.2024)<br \/>Museum Angerlehner<\/p>\n\n\",\"content_en_us\":\"\n\n<p><a href=\\\"https:\/\/www.anderlweber.com\/en\/sammlung\/denesh-ghyczy\/\\\" title=\\\"D\u00e9nesh Ghyczy\\\" data-wplink-url-error=\\\"true\\\">D\u00e9nesh Ghyczy<\/a>, Behind the Scenes, 2022<br \/>Ausstellung: \\\"D\u00e9nesh Ghyczy - Ego Paradise\\\"<br \/>(01.09.2024 bis 15.12.2024)<br \/>Museum Angerlehner<\/p>\n\n\",\"margin\":\"default\",\"margin_bottom\":\"default\",\"margin_top\":\"default\",\"text_style\":\"meta\"}}]}]}]}],\"version\":\"5.0.5\"} --><\/p>\n","protected":false},"excerpt":{"rendered":"<p>Leihgaben Ziel des Art Space ist es, Kunst sichtbar zu machen. Diese Idee unterst\u00fctzen wir auch, indem wir Museen leihweise Exponate aus unserer Sammlung f\u00fcr einen bestimmten Zeitraum zur Verf\u00fcgung stellen. Bereits &#8220;on tour&#8221; waren: Herbert Brandl, Ohne Titel, 2003 Ausstellung: &#8220;Herbert Brandl. Exposed to Painting. Die letzten zwanzig Jahre.&#8221; (31.01.2020 bis 26.10.2020) Belvedere 21, [&hellip;]<\/p>\n","protected":false},"author":1,"featured_media":0,"parent":0,"menu_order":0,"comment_status":"closed","ping_status":"closed","template":"","meta":{"_acf_changed":false,"_seopress_robots_primary_cat":"","_seopress_titles_title":"","_seopress_titles_desc":"","_seopress_robots_index":"","footnotes":""},"class_list":["post-3011","page","type-page","status-publish","hentry"],"acf":[],"_links":{"self":[{"href":"https:\/\/www.anderlweber.com\/en\/wp-json\/wp\/v2\/pages\/3011","targetHints":{"allow":["GET"]}}],"collection":[{"href":"https:\/\/www.anderlweber.com\/en\/wp-json\/wp\/v2\/pages"}],"about":[{"href":"https:\/\/www.anderlweber.com\/en\/wp-json\/wp\/v2\/types\/page"}],"author":[{"embeddable":true,"href":"https:\/\/www.anderlweber.com\/en\/wp-json\/wp\/v2\/users\/1"}],"replies":[{"embeddable":true,"href":"https:\/\/www.anderlweber.com\/en\/wp-json\/wp\/v2\/comments?post=3011"}],"version-history":[{"count":5,"href":"https:\/\/www.anderlweber.com\/en\/wp-json\/wp\/v2\/pages\/3011\/revisions"}],"predecessor-version":[{"id":3088,"href":"https:\/\/www.anderlweber.com\/en\/wp-json\/wp\/v2\/pages\/3011\/revisions\/3088"}],"wp:attachment":[{"href":"https:\/\/www.anderlweber.com\/en\/wp-json\/wp\/v2\/media?parent=3011"}],"curies":[{"name":"wp","href":"https:\/\/api.w.org\/{rel}","templated":true}]}}